{"id":19,"date":"2026-03-09T10:10:15","date_gmt":"2026-03-09T10:10:15","guid":{"rendered":"https:\/\/www.mamasaid.net\/?page_id=19"},"modified":"2026-03-10T14:29:14","modified_gmt":"2026-03-10T14:29:14","slug":"home","status":"publish","type":"page","link":"https:\/\/www.mamasaid.net\/","title":{"rendered":"Mamasaid &#8211; Le groove qui rassemble"},"content":{"rendered":"\n\n\n\n\n\n\n\n\n\n\n\n\n\n\n\n\n\n\n\n\n\n\n\n\n\n\n\n\n\n\n\n\n\n\n\n\n\n\n\n\n\n\n\n\n\n\n\n\n\n\n\n\n\n\n\n\n\n\n\n\n\n\n\n\n\n\n\n\n\n\n\n\n\n\n\n\n\n","protected":false},"excerpt":{"rendered":"<p>Pour vos \u00e9v\u00e9nements et soir\u00e9es festives, nous assurons un set joyeux, doux ou bien plus punchy. <\/p>\n","protected":false},"author":1,"featured_media":46,"parent":0,"menu_order":0,"comment_status":"closed","ping_status":"closed","template":"","meta":{"footnotes":""},"class_list":["post-19","page","type-page","status-publish","has-post-thumbnail","hentry"],"_links":{"self":[{"href":"https:\/\/www.mamasaid.net\/index.php?rest_route=\/wp\/v2\/pages\/19","targetHints":{"allow":["GET"]}}],"collection":[{"href":"https:\/\/www.mamasaid.net\/index.php?rest_route=\/wp\/v2\/pages"}],"about":[{"href":"https:\/\/www.mamasaid.net\/index.php?rest_route=\/wp\/v2\/types\/page"}],"author":[{"embeddable":true,"href":"https:\/\/www.mamasaid.net\/index.php?rest_route=\/wp\/v2\/users\/1"}],"replies":[{"embeddable":true,"href":"https:\/\/www.mamasaid.net\/index.php?rest_route=%2Fwp%2Fv2%2Fcomments&post=19"}],"version-history":[{"count":48,"href":"https:\/\/www.mamasaid.net\/index.php?rest_route=\/wp\/v2\/pages\/19\/revisions"}],"predecessor-version":[{"id":97,"href":"https:\/\/www.mamasaid.net\/index.php?rest_route=\/wp\/v2\/pages\/19\/revisions\/97"}],"wp:featuredmedia":[{"embeddable":true,"href":"https:\/\/www.mamasaid.net\/index.php?rest_route=\/wp\/v2\/media\/46"}],"wp:attachment":[{"href":"https:\/\/www.mamasaid.net\/index.php?rest_route=%2Fwp%2Fv2%2Fmedia&parent=19"}],"curies":[{"name":"wp","href":"https:\/\/api.w.org\/{rel}","templated":true}]}}